{"id":32094,"date":"2020-04-07T08:47:23","date_gmt":"2020-04-07T06:47:23","guid":{"rendered":"https:\/\/www.weingutmueller.at\/?page_id=32094"},"modified":"2020-06-21T17:33:46","modified_gmt":"2020-06-21T15:33:46","slug":"imprint","status":"publish","type":"page","link":"https:\/\/www.weingutmueller.at\/en\/imprint\/","title":{"rendered":"Imprint"},"content":{"rendered":"<p>[et_pb_section bb_built=&#8221;1&#8243; inner_width=&#8221;auto&#8221; inner_max_width=&#8221;1080px&#8221;][et_pb_row][et_pb_column type=&#8221;4_4&#8243; custom_padding__hover=&#8221;|||&#8221; custom_padding=&#8221;|||&#8221;][et_pb_text _builder_version=&#8221;3.27.4&#8243; background_layout=&#8221;light&#8221; box_shadow_horizontal_tablet=&#8221;0px&#8221; box_shadow_vertical_tablet=&#8221;0px&#8221; box_shadow_blur_tablet=&#8221;40px&#8221; box_shadow_spread_tablet=&#8221;0px&#8221;]<\/p>\n<div class=\"et_pb_text et_pb_module et_pb_bg_layout_light et_pb_text_align_left et_pb_text_0\">\n<div class=\"et_pb_text_inner\">\n<p>Responsible for the content:<br \/>Weingut M\u00fcller GmbH<br \/>Hollenburgerstra\u00dfe 12<br \/>3508 Krustetten<br \/>Austria<\/p>\n<p>Company register court: Krems an der Donau<br \/>Commercial register number: FN311361i<br \/>VAT identification number: ATU 64195533<br \/>Company number: 4696689<\/p>\n<p>bank details:<br \/>Raiffeisenbank Krems<br \/>Kto: 1 922 004<br \/>Blz: 32397<br \/>IBAN: AT753 239 700 001 922 004<br \/>BIC: RLNWATWWKRE<\/p>\n<p>Copyright law:<br \/>All contributions published on our site are protected by copyright. All rights, including translations, are reserved. We assume no liability for their correctness, functionality and relevance.<\/p>\n<p>Any liability for direct or indirect damage caused by the use of this website is excluded.<br \/>This also includes loss of data and loss of profit.<\/p>\n<p>\u00a0<\/p>\n<\/div>\n<p><img decoding=\"async\" class=\"alignnone wp-image-31502\" src=\"https:\/\/www.weingutmueller.at\/cms\/wp-content\/uploads\/2018\/11\/F\u00f6rderung-300x58.jpg\" alt=\"\" width=\"594\" height=\"115\" srcset=\"https:\/\/www.weingutmueller.at\/cms\/wp-content\/uploads\/2018\/11\/F\u00f6rderung-300x58.jpg 300w, https:\/\/www.weingutmueller.at\/cms\/wp-content\/uploads\/2018\/11\/F\u00f6rderung-768x147.jpg 768w, https:\/\/www.weingutmueller.at\/cms\/wp-content\/uploads\/2018\/11\/F\u00f6rderung.jpg 860w\" sizes=\"(max-width: 594px) 100vw, 594px\" \/><\/p>\n<p>The project &#8220;Processing, Marketing and Development of Agricultural Products&#8221; was funded under the Rural Development Programme 2014 to 2020 (LE 14-20 for short).<\/p>\n<p>With the support of the Federal Government, the Federal State and the European Union.<\/p>\n<\/div>\n<p>[\/et_pb_text][\/et_pb_column][\/et_pb_row][\/et_pb_section]<\/p>\n","protected":false},"excerpt":{"rendered":"<p><div class=\"et_pb_row et_pb_row_0 et_pb_row_empty\">\n\t\t\t\t\n\t\t\t\t\n\t\t\t\t\n\t\t\t\t\n\t\t\t\t\n\t\t\t<\/div> Responsible for the content:Weingut M\u00fcller GmbHHollenburgerstra\u00dfe 123508 KrustettenAustriaCompany register court: Krems an der DonauCommercial register number: FN311361iVAT identification number: ATU 64195533Company number: 4696689bank details:Raiffeisenbank KremsKto: 1 922 004Blz: 32397IBAN: AT753 239 700 001 922 004BIC: RLNWATWWKRECopyright law:All contributions published on our site are protected by copyright. All rights, including translations, are reserved. We assume [&hellip;]<\/p>\n","protected":false},"author":4,"featured_media":0,"parent":0,"menu_order":0,"comment_status":"closed","ping_status":"closed","template":"","meta":{"_acf_changed":false,"_seopress_robots_primary_cat":"","_seopress_titles_title":"","_seopress_titles_desc":"","_seopress_robots_index":"yes","_et_pb_use_builder":"on","_et_pb_old_content":"<p>[et_pb_section bb_built=\"1\"][et_pb_row][et_pb_column type=\"4_4\"][et_pb_text _builder_version=\"3.5.1\" background_layout=\"light\"]<\/p><div class=\"et_pb_text et_pb_module et_pb_bg_layout_light et_pb_text_align_left et_pb_text_0\"><div class=\"et_pb_text_inner\"><p>F\u00fcr den Inhalt verantworlich:<br \/>Weingut M\u00fcller GmbH<br \/>Hollenburgerstra\u00dfe 12<br \/>3508 Krustetten<br \/>Austria<\/p><p>Firmenbuchgericht: Krems an der Donau<br \/>FIBU-Nummer: FN311361i<br \/>UID: ATU 64195533<br \/>Betriebsnummer: 4696689<\/p><p>Bankverbindung:<br \/>Raiffeisenbank Krems<br \/>Kto: 1 922 004<br \/>Blz: 32397<br \/>IBAN: AT753 239 700 001 922 004<br \/>BIC: RLNWATWWKRE<\/p><p>Urheberrecht:<br \/>Alle auf unserer Site erschienenen Beitr\u00e4ge sind urheberrechtlich gesch\u00fctzt. Alle Rechte, auch \u00dcbersetzungen sind vorbehalten. F\u00fcr deren Richtigkeit, Funktionalit\u00e4t und Aktualit\u00e4t \u00fcbernehmen wir keine Haftung.<\/p><p>Jegliche Haftung f\u00fcr direkte oder indirekte Sch\u00e4den durch die Verwendung ist ausgeschlossen.<br \/>Dies schlie\u00dft auch Datenverlust und entgangenen Gewinn mit ein.<\/p><p>\u00a0<\/p><\/div><p><img class=\"alignnone wp-image-31502\" src=\"https:\/\/www.weingutmueller.at\/cms\/wp-content\/uploads\/2018\/11\/F\u00f6rderung-300x58.jpg\" alt=\"\" width=\"594\" height=\"115\" \/><\/p><p><em>Das Projekt \u201eVerarbeitung, Vermarktung und Entwicklung landwirtschaftlicher Erzeugnisse\u201c wurde im Rahmen des Programms f\u00fcr L\u00e4ndliche Entwicklung 2014 bis 2020 (kurz: LE 14-20) gef\u00f6rdert.<\/em><\/p><p><em>Mit Unterst\u00fctzung von <a href=\"https:\/\/www.bmlfuw.gv.at\/land\/laendl_entwicklung.html\" target=\"_blank\" rel=\"noopener\"><u>Bund<\/u><\/a>, <a href=\"http:\/\/www.noe.gv.at\/noe\/LaendlicheEntwicklung\/Allgemeine_Informationen_zum_Programm_Laendliche_Entwickl.html\" target=\"_blank\" rel=\"noopener\"><u>Land<\/u> <\/a>und <a href=\"https:\/\/ec.europa.eu\/agriculture\/rural-development-2014-2020_de\" target=\"_blank\" rel=\"noopener\"><u>Europ\u00e4ischer Union<\/u><\/a>.<\/em><\/p><\/div><p>[\/et_pb_text][\/et_pb_column][\/et_pb_row][\/et_pb_section]<\/p>","_et_gb_content_width":"","footnotes":""},"class_list":["post-32094","page","type-page","status-publish"],"acf":[],"publishpress_future_workflow_manual_trigger":{"enabledWorkflows":[]},"_links":{"self":[{"href":"https:\/\/www.weingutmueller.at\/en\/wp-json\/wp\/v2\/pages\/32094","targetHints":{"allow":["GET"]}}],"collection":[{"href":"https:\/\/www.weingutmueller.at\/en\/wp-json\/wp\/v2\/pages"}],"about":[{"href":"https:\/\/www.weingutmueller.at\/en\/wp-json\/wp\/v2\/types\/page"}],"author":[{"embeddable":true,"href":"https:\/\/www.weingutmueller.at\/en\/wp-json\/wp\/v2\/users\/4"}],"replies":[{"embeddable":true,"href":"https:\/\/www.weingutmueller.at\/en\/wp-json\/wp\/v2\/comments?post=32094"}],"version-history":[{"count":0,"href":"https:\/\/www.weingutmueller.at\/en\/wp-json\/wp\/v2\/pages\/32094\/revisions"}],"wp:attachment":[{"href":"https:\/\/www.weingutmueller.at\/en\/wp-json\/wp\/v2\/media?parent=32094"}],"curies":[{"name":"wp","href":"https:\/\/api.w.org\/{rel}","templated":true}]}}