{"id":32095,"date":"2020-04-07T11:02:04","date_gmt":"2020-04-07T09:02:04","guid":{"rendered":"https:\/\/www.weingutmueller.at\/?page_id=32095"},"modified":"2021-08-04T13:04:13","modified_gmt":"2021-08-04T11:04:13","slug":"wine-cellar","status":"publish","type":"page","link":"https:\/\/www.weingutmueller.at\/en\/wine-cellar\/","title":{"rendered":"Wine cellar"},"content":{"rendered":"<p>[et_pb_section fb_built=&#8221;1&#8243; fullwidth=&#8221;on&#8221; disabled_on=&#8221;off|off|off&#8221; admin_label=&#8221;Hero&#8221; _builder_version=&#8221;3.22&#8243; background_color=&#8221;#1f1f1f&#8221; parallax=&#8221;on&#8221; custom_padding=&#8221;|||&#8221; transparent_background=&#8221;on&#8221;][et_pb_fullwidth_header title=&#8221;Wine cellar&#8221; text_orientation=&#8221;center&#8221; background_overlay_color=&#8221;rgba(31,31,31,0.85)&#8221; _builder_version=&#8221;4.9.3&#8243; title_font=&#8221;Playfair Display||||&#8221; title_text_color=&#8221;#ffffff&#8221; title_font_size=&#8221;72px&#8221; title_line_height=&#8221;1.3em&#8221; content_font=&#8221;Montserrat||||&#8221; content_text_color=&#8221;#bfbfbf&#8221; content_font_size=&#8221;19px&#8221; content_line_height=&#8221;1.8em&#8221; subhead_font=&#8221;Montserrat||||&#8221; subhead_text_color=&#8221;#bebebe&#8221; subhead_line_height=&#8221;1.8em&#8221; background_color=&#8221;rgba(255, 255, 255, 0)&#8221; background_image=&#8221;https:\/\/www.weingutmueller.at\/cms\/wp-content\/uploads\/2018\/04\/header_keller.jpg&#8221; parallax=&#8221;on&#8221; parallax_method=&#8221;on&#8221; custom_padding=&#8221;5%||5%|&#8221; animation_style=&#8221;zoom&#8221; animation_duration=&#8221;1500ms&#8221; animation_intensity_zoom=&#8221;4%&#8221; hover_enabled=&#8221;0&#8243; title_line_height_last_edited=&#8221;off|desktop&#8221; box_shadow_horizontal_tablet=&#8221;0px&#8221; box_shadow_vertical_tablet=&#8221;0px&#8221; box_shadow_blur_tablet=&#8221;40px&#8221; box_shadow_spread_tablet=&#8221;0px&#8221; box_shadow_horizontal_image_tablet=&#8221;0px&#8221; box_shadow_vertical_image_tablet=&#8221;0px&#8221; box_shadow_blur_image_tablet=&#8221;40px&#8221; box_shadow_spread_image_tablet=&#8221;0px&#8221; box_shadow_horizontal_button_one_tablet=&#8221;0px&#8221; box_shadow_vertical_button_one_tablet=&#8221;0px&#8221; box_shadow_blur_button_one_tablet=&#8221;40px&#8221; box_shadow_spread_button_one_tablet=&#8221;0px&#8221; box_shadow_horizontal_button_two_tablet=&#8221;0px&#8221; box_shadow_vertical_button_two_tablet=&#8221;0px&#8221; box_shadow_blur_button_two_tablet=&#8221;40px&#8221; box_shadow_spread_button_two_tablet=&#8221;0px&#8221; button_one_text_size__hover_enabled=&#8221;off&#8221; button_one_text_size__hover=&#8221;null&#8221; button_two_text_size__hover_enabled=&#8221;off&#8221; button_two_text_size__hover=&#8221;null&#8221; button_one_text_color__hover_enabled=&#8221;off&#8221; button_one_text_color__hover=&#8221;null&#8221; button_two_text_color__hover_enabled=&#8221;off&#8221; button_two_text_color__hover=&#8221;null&#8221; button_one_border_width__hover_enabled=&#8221;off&#8221; button_one_border_width__hover=&#8221;null&#8221; button_two_border_width__hover_enabled=&#8221;off&#8221; button_two_border_width__hover=&#8221;null&#8221; button_one_border_color__hover_enabled=&#8221;off&#8221; button_one_border_color__hover=&#8221;null&#8221; button_two_border_color__hover_enabled=&#8221;off&#8221; button_two_border_color__hover=&#8221;null&#8221; button_one_border_radius__hover_enabled=&#8221;off&#8221; button_one_border_radius__hover=&#8221;null&#8221; button_two_border_radius__hover_enabled=&#8221;off&#8221; button_two_border_radius__hover=&#8221;null&#8221; button_one_letter_spacing__hover_enabled=&#8221;off&#8221; button_one_letter_spacing__hover=&#8221;null&#8221; button_two_letter_spacing__hover_enabled=&#8221;off&#8221; button_two_letter_spacing__hover=&#8221;null&#8221; button_one_bg_color__hover_enabled=&#8221;off&#8221; button_one_bg_color__hover=&#8221;null&#8221; button_two_bg_color__hover_enabled=&#8221;off&#8221; button_two_bg_color__hover=&#8221;null&#8221; sticky_enabled=&#8221;0&#8243;]<\/p>\n<p>For the vinification of our fruity &amp; variety-typical white and red wines, we are passionate about the philosophy of sustainable working processes in the cellar.<\/p>\n<p>&nbsp;<\/p>\n<p>[\/et_pb_fullwidth_header][\/et_pb_section][et_pb_section fb_built=&#8221;1&#8243; _builder_version=&#8221;3.22&#8243;][et_pb_row _builder_version=&#8221;3.25&#8243; background_size=&#8221;initial&#8221; background_position=&#8221;top_left&#8221; background_repeat=&#8221;repeat&#8221; column_structure=&#8221;1_2,1_2&#8243;][et_pb_column type=&#8221;1_2&#8243; _builder_version=&#8221;3.0.47&#8243; custom_padding=&#8221;|||&#8221; custom_padding__hover=&#8221;|||&#8221;][et_pb_text _builder_version=&#8221;4.9.3&#8243; hover_enabled=&#8221;0&#8243; box_shadow_horizontal_tablet=&#8221;0px&#8221; box_shadow_vertical_tablet=&#8221;0px&#8221; box_shadow_blur_tablet=&#8221;40px&#8221; box_shadow_spread_tablet=&#8221;0px&#8221; sticky_enabled=&#8221;0&#8243;]<\/p>\n<p>We have designed our winery to be the most suitable for our sustainable way of working. It is built 50% into the hillside and extends over 3 floors, allowing us to use the natural temperature regulation of the earth and gravity to process our grapes. We also use our own spring water for all operations in the wine cellar, where we pay special attention to gentle winemaking methods.<\/p>\n<p>No compromises can be made on quality and so we strive year after year to produce fine wines with clear fruit and drinking pleasure! Our consistency is rewarded by a large number of Austrian and international awards, including 28 wines in the Salon Austria Wine, and much positive feedback from our customers.<\/p>\n<p>[\/et_pb_text][\/et_pb_column][et_pb_column type=&#8221;1_2&#8243; _builder_version=&#8221;3.0.47&#8243; custom_padding=&#8221;|||&#8221; custom_padding__hover=&#8221;|||&#8221;][et_pb_image src=&#8221;https:\/\/www.weingutmueller.at\/cms\/wp-content\/uploads\/2018\/04\/kellererweiterung.jpg&#8221; align_tablet=&#8221;center&#8221; align_phone=&#8221;&#8221; align_last_edited=&#8221;on|desktop&#8221; _builder_version=&#8221;4.9.3&#8243; hover_enabled=&#8221;0&#8243; box_shadow_horizontal_tablet=&#8221;0px&#8221; box_shadow_vertical_tablet=&#8221;0px&#8221; box_shadow_blur_tablet=&#8221;40px&#8221; box_shadow_spread_tablet=&#8221;0px&#8221; sticky_enabled=&#8221;0&#8243;][\/et_pb_image][\/et_pb_column][\/et_pb_row][\/et_pb_section][et_pb_section fb_built=&#8221;1&#8243; _builder_version=&#8221;3.22&#8243;][et_pb_row _builder_version=&#8221;3.25&#8243; background_size=&#8221;initial&#8221; background_position=&#8221;top_left&#8221; background_repeat=&#8221;repeat&#8221;][et_pb_column type=&#8221;4_4&#8243; _builder_version=&#8221;3.0.47&#8243; custom_padding=&#8221;|||&#8221; custom_padding__hover=&#8221;|||&#8221;][et_pb_gallery gallery_ids=&#8221;32102,207763,207771,208009,207765,32037&#8243; posts_number=&#8221;12&#8243; show_title_and_caption=&#8221;off&#8221; show_pagination=&#8221;off&#8221; zoom_icon_color=&#8221;#c6a65d&#8221; _builder_version=&#8221;4.9.3&#8243; pagination_font_size_tablet=&#8221;51&#8243; pagination_line_height_tablet=&#8221;2&#8243; box_shadow_horizontal_tablet=&#8221;0px&#8221; box_shadow_vertical_tablet=&#8221;0px&#8221; box_shadow_blur_tablet=&#8221;40px&#8221; box_shadow_spread_tablet=&#8221;0px&#8221; box_shadow_horizontal_image_tablet=&#8221;0px&#8221; box_shadow_vertical_image_tablet=&#8221;0px&#8221; box_shadow_blur_image_tablet=&#8221;40px&#8221; box_shadow_spread_image_tablet=&#8221;0px&#8221;][\/et_pb_gallery][\/et_pb_column][\/et_pb_row][\/et_pb_section]<\/p>\n","protected":false},"excerpt":{"rendered":"<p>For the vinification of our fruity &amp; variety-typical white and red wines, we are passionate about the philosophy of sustainable working processes in the cellar. &nbsp;We have designed our winery to be the most suitable for our sustainable way of working. It is built 50% into the hillside and extends over 3 floors, allowing us [&hellip;]<\/p>\n","protected":false},"author":4,"featured_media":0,"parent":0,"menu_order":0,"comment_status":"closed","ping_status":"closed","template":"","meta":{"_acf_changed":false,"_seopress_robots_primary_cat":"","_seopress_titles_title":"","_seopress_titles_desc":"","_seopress_robots_index":"","_et_pb_use_builder":"on","_et_pb_old_content":"<p>[et_pb_section bb_built=\"1\" admin_label=\"Hero\" background_color=\"#1f1f1f\" fullwidth=\"on\" disabled_on=\"off|off|off\" _builder_version=\"3.0.77\" parallax=\"on\" custom_padding=\"|||\" transparent_background=\"on\" next_background_color=\"#ffffff\"][et_pb_fullwidth_header title=\"Keller\" background_layout=\"dark\" text_orientation=\"center\" scroll_down_icon_color=\"#ffffff\" scroll_down_icon_size=\"32px\" background_overlay_color=\"rgba(31,31,31,0.85)\" _builder_version=\"3.0.103\" title_font=\"Playfair Display||||\" title_font_size=\"72px\" title_text_color=\"#ffffff\" title_line_height=\"1.3em\" title_line_height_last_edited=\"off|desktop\" content_font=\"Montserrat||||\" content_font_size=\"19px\" content_text_color=\"#bfbfbf\" content_line_height=\"1.8em\" subhead_font=\"Montserrat||||\" subhead_text_color=\"#bebebe\" subhead_line_height=\"1.8em\" background_image=\"https:\/\/www.weingutmueller.at\/cms\/wp-content\/uploads\/2018\/04\/header_keller.jpg\" parallax=\"on\" parallax_method=\"on\" custom_padding=\"5%||5%|\" animation_style=\"zoom\" animation_duration=\"1500ms\" animation_intensity_zoom=\"4%\" background_position=\"top_left\" background_repeat=\"repeat\" background_size=\"initial\" header_fullscreen=\"off\" header_scroll_down=\"off\" image_orientation=\"center\" content_orientation=\"center\" custom_button_one=\"off\" button_one_icon_placement=\"right\" custom_button_two=\"off\" button_two_icon_placement=\"right\" background_color=\"rgba(255, 255, 255, 0)\"]<\/p><p>F\u00fcr die Vinifizierung unserer fruchtigen & sortentypischen Wei\u00df- und Rotweine setzen wir auch im Keller mit viel Leidenschaft die Ideologie der nachhaltigen Wirtschaftsweise fort.<\/p><p>\u00a0<\/p><p>[\/et_pb_fullwidth_header][\/et_pb_section][et_pb_section bb_built=\"1\" prev_background_color=\"#1f1f1f\" next_background_color=\"#000000\"][et_pb_row][et_pb_column type=\"1_2\"][et_pb_text _builder_version=\"3.0.103\" background_layout=\"light\"]<\/p><p>Unseren Keller haben wir an unsere umweltschonende Arbeitsweise angepasst. Er liegt zu 50% im Hang auf 3 Etagen und so k\u00f6nnen wir die nat\u00fcrliche Temperaturregulierung der Erde, wie auch die Schwerkraft f\u00fcr die Verarbeitung unserer Trauben nutzen. Wir benutzen auch unser hauseigenes Quellwasser f\u00fcr alle unsere Arbeiten im Weinkeller, bei denen wir vor allem auf die schonende Vinifizierung achten.<\/p><p>Nat\u00fcrlich darf auch die Qualit\u00e4t nicht zu kurz kommen und so bem\u00fchen wir uns Jahr f\u00fcr Jahr finessenreiche Weine mit klarer Frucht & Trinkfreude zu vinifizieren! Unsere Best\u00e4ndigkeit wurde durch eine Vielzahl an\u00a0\u00f6sterreichischen und internationalen Auszeichnungen, unter anderen 24 Weine im Salon\u00a0\u00d6sterreich Wein, und viele positive R\u00fcckmeldungen unserer Kunden belohnt.<\/p><p>[\/et_pb_text][\/et_pb_column][et_pb_column type=\"1_2\"][et_pb_image _builder_version=\"3.0.103\" src=\"https:\/\/www.weingutmueller.at\/cms\/wp-content\/uploads\/2018\/04\/kellererweiterung.jpg\" show_in_lightbox=\"off\" url_new_window=\"off\" use_overlay=\"off\" always_center_on_mobile=\"on\" force_fullwidth=\"off\" show_bottom_space=\"on\" \/][\/et_pb_column][\/et_pb_row][\/et_pb_section][et_pb_section bb_built=\"1\" fullwidth=\"off\" specialty=\"off\" prev_background_color=\"#000000\"][et_pb_row][et_pb_column type=\"4_4\"][et_pb_gallery _builder_version=\"3.2\" posts_number=\"12\" show_title_and_caption=\"off\" show_pagination=\"off\" gallery_ids=\"30796,30797,30484,30799,30800,30801\" zoom_icon_color=\"#c6a65d\" hover_overlay_color=\"rgba(255,255,255,0.9)\" pagination_font_size_tablet=\"51\" pagination_line_height_tablet=\"2\" \/][\/et_pb_column][\/et_pb_row][\/et_pb_section]<\/p>","_et_gb_content_width":"","footnotes":""},"class_list":["post-32095","page","type-page","status-publish"],"acf":[],"publishpress_future_workflow_manual_trigger":{"enabledWorkflows":[]},"_links":{"self":[{"href":"https:\/\/www.weingutmueller.at\/en\/wp-json\/wp\/v2\/pages\/32095","targetHints":{"allow":["GET"]}}],"collection":[{"href":"https:\/\/www.weingutmueller.at\/en\/wp-json\/wp\/v2\/pages"}],"about":[{"href":"https:\/\/www.weingutmueller.at\/en\/wp-json\/wp\/v2\/types\/page"}],"author":[{"embeddable":true,"href":"https:\/\/www.weingutmueller.at\/en\/wp-json\/wp\/v2\/users\/4"}],"replies":[{"embeddable":true,"href":"https:\/\/www.weingutmueller.at\/en\/wp-json\/wp\/v2\/comments?post=32095"}],"version-history":[{"count":0,"href":"https:\/\/www.weingutmueller.at\/en\/wp-json\/wp\/v2\/pages\/32095\/revisions"}],"wp:attachment":[{"href":"https:\/\/www.weingutmueller.at\/en\/wp-json\/wp\/v2\/media?parent=32095"}],"curies":[{"name":"wp","href":"https:\/\/api.w.org\/{rel}","templated":true}]}}